{"id":1167,"date":"2022-05-25T14:47:24","date_gmt":"2022-05-25T14:47:24","guid":{"rendered":"https:\/\/ragazzisitges.com\/legal-notice\/"},"modified":"2022-05-25T14:49:22","modified_gmt":"2022-05-25T14:49:22","slug":"legal-notice","status":"publish","type":"page","link":"https:\/\/ragazzisitges.com\/en\/legal-notice\/","title":{"rendered":"Legal Notice"},"content":{"rendered":"<p>[et_pb_section fb_built=&#8221;1&#8243; fullwidth=&#8221;on&#8221; _builder_version=&#8221;4.9.4&#8243; _module_preset=&#8221;default&#8221;][et_pb_fullwidth_menu _builder_version=&#8221;4.9.4&#8243; _module_preset=&#8221;default&#8221; menu_style=&#8221;centered&#8221; background_color=&#8221;#000000&#8243; menu_text_color=&#8221;#FFFFFF&#8221; menu_font=&#8221;|600|||||||&#8221; hover_enabled=&#8221;0&#8243; sticky_enabled=&#8221;0&#8243; cart_icon_color=&#8221;#FFFFFF&#8221; search_icon_color=&#8221;#FFFFFF&#8221; menu_icon_color=&#8221;#FFFFFF&#8221; custom_padding=&#8221;20px||||false|false&#8221;][\/et_pb_fullwidth_menu][\/et_pb_section][et_pb_section fb_built=&#8221;1&#8243; _builder_version=&#8221;3.22&#8243; custom_padding=&#8221;0|0px|6px|0px|false|false&#8221;][et_pb_row _builder_version=&#8221;4.9.4&#8243; background_color=&#8221;RGBA(0,0,0,0)&#8221; custom_margin=&#8221;||||false|false&#8221; custom_padding=&#8221;37px|0px|3px|0px|false|false&#8221; hover_enabled=&#8221;0&#8243; sticky_enabled=&#8221;0&#8243;][et_pb_column type=&#8221;4_4&#8243; _builder_version=&#8221;3.25&#8243; custom_padding=&#8221;|||&#8221; custom_padding__hover=&#8221;|||&#8221;][et_pb_text admin_label=&#8221;Send a message&#8221; _builder_version=&#8221;4.9.2&#8243; text_font=&#8221;||||||||&#8221; text_text_color=&#8221;#1f1f1f&#8221; text_font_size=&#8221;44px&#8221; header_font=&#8221;Playfair Display||||&#8221; header_text_align=&#8221;left&#8221; header_text_color=&#8221;#1f1f1f&#8221; header_font_size=&#8221;24px&#8221; header_line_height=&#8221;1.3em&#8221; background_size=&#8221;initial&#8221; background_position=&#8221;top_left&#8221; background_repeat=&#8221;repeat&#8221; text_orientation=&#8221;center&#8221; module_alignment=&#8221;center&#8221; custom_margin=&#8221;||||false|false&#8221; custom_padding=&#8221;|||&#8221; text_font_size_tablet=&#8221;&#8221; text_font_size_phone=&#8221;&#8221; text_font_size_last_edited=&#8221;on|desktop&#8221; inline_fonts=&#8221;Allerta,Allura,Great Vibes&#8221;]<\/p>\n<p>Aviso Legal<\/p>\n<p>[\/et_pb_text][et_pb_text admin_label=&#8221;Send a message&#8221; _builder_version=&#8221;4.9.4&#8243; text_font=&#8221;||||||||&#8221; text_text_color=&#8221;#1f1f1f&#8221; text_font_size=&#8221;16px&#8221; header_font=&#8221;Playfair Display||||&#8221; header_text_align=&#8221;left&#8221; header_text_color=&#8221;#1f1f1f&#8221; header_font_size=&#8221;24px&#8221; header_line_height=&#8221;1.3em&#8221; background_size=&#8221;initial&#8221; background_position=&#8221;top_left&#8221; background_repeat=&#8221;repeat&#8221; module_alignment=&#8221;center&#8221; custom_margin=&#8221;||||false|false&#8221; custom_padding=&#8221;20px|20px|20px|20px|false|false&#8221; text_font_size_last_edited=&#8221;off|desktop&#8221; inline_fonts=&#8221;Allerta,Allura,Great Vibes&#8221;]Est\u00e1s en un espacio comprometido con los derechos de sus usuarios y por raz\u00f3n, tendr\u00e1s m\u00e1xima transparencia y rigor sobre todo que necesitas saber sobre esta web.<\/p>\n<p>Esta web cumple rigurosamente con la Ley Org\u00e1nica 3\/2018, de 5 de diciembre, de Protecci\u00f3n de Datos Personales y garant\u00eda de los derechos digitales (LOPDGDD). Cumple tambi\u00e9n con el Reglamento (UE) 2016\/679 del Parlamento Europeo y del Consejo de 27 de abril de 2016 relativo a la protecci\u00f3n de las personas f\u00edsicas (RGPD), as\u00ed como con la Ley 34\/2002, de 11 de julio, de Servicios de la Sociedad de la Informaci\u00f3n y Comercio Electr\u00f3nico (LSSICE o LSSI).<\/p>\n<p>Los servicios y\/o productos est\u00e1n disponibles s\u00f3lo para las personas jur\u00eddicas y las personas que tengan 16 a\u00f1os.<\/p>\n<h2><a name=\"_Toc503536442\"><\/a>Identificador del responsable de la web<\/h2>\n<p><strong> <\/strong><strong>Denominaci\u00f3n social<\/strong>: <em>Frank Pijnenburg<\/em><\/p>\n<p><strong>CIF\/NIF<\/strong>: <em>X1344467W<\/em><\/p>\n<p><strong>Correo electr\u00f3nico<\/strong>: <em><a href=\"mailto:info@happy2design4u.com\">info@happy2design4u.com<\/a><\/em><\/p>\n<p><strong>Domicilio social<\/strong>: <em>Calle Pintor Maria Carbonellopis, 28, 3\u00ba, 1\u00aa, 08870 Sitges, BCN, Espa\u00f1a<\/em><\/p>\n<p><strong>Su actividad social es:<\/strong> <em>Dise\u00f1o gr\u00e1fico, Dise\u00f1o Web y Fotograf\u00eda<\/em><\/p>\n<h2>\u00bfTe preocupan tus datos personales?<\/h2>\n<p>Leer \u201c<a href=\"https:\/\/ragazzisitges.com\/en\/privacy-policy\/\"><u>Pol\u00edtica de Privacidad<\/u><\/a>&#8220;.<\/p>\n<h2>Compromisos y obligaciones de los usuarios<\/h2>\n<p>El usuario queda informado, y acepta, que el acceso a la presente web no supone, en modo alguno, el inicio de una relaci\u00f3n comercial con Grupo Buenos Aires S.L.. De esta forma, el usuario se compromete a utilizar el sitio web, sus servicios y contenidos sin contravenir la legislaci\u00f3n vigente, la buena fe y el orden p\u00fablico.<\/p>\n<p>Queda prohibido el uso de la web, con fines il\u00edcitos o lesivos, o que, de cualquier forma, puedan causar perjuicio o impedir el normal funcionamiento del sitio web. Respecto de los contenidos de esta web, se proh\u00edbe:<\/p>\n<ul>\n<li>Su reproducci\u00f3n, distribuci\u00f3n o modificaci\u00f3n, total o parcial, a menos que se cuente con mi autorizaci\u00f3n como leg\u00edtimo titular.<\/li>\n<li>Cualquier vulneraci\u00f3n de los derechos del prestador o de mi como leg\u00edtimo titular.<\/li>\n<li>Su utilizaci\u00f3n para fines comerciales o publicitarios.<\/li>\n<\/ul>\n<p>En la utilizaci\u00f3n de la web www.ragazzisitges.com el usuario se compromete a no llevar a cabo ninguna conducta que pudiera da\u00f1ar la imagen, los intereses y los derechos de Grupo Buenos Aires S.L. o de terceros o que pudiera da\u00f1ar, inutilizar o sobrecargar el portal www.ragazzisitges.com o que impidiera, de cualquier forma, la normal utilizaci\u00f3n de la web.<\/p>\n<p>No obstante, el usuario debe ser consciente de que las medidas de seguridad de los sistemas inform\u00e1ticos en Internet no son enteramente fiables y que, por tanto www.ragazzisitges.com no puede garantizar la inexistencia de malware u otros elementos que puedan producir alteraciones en los sistemas inform\u00e1ticos (software y hardware) del usuario o en sus documentos electr\u00f3nicos y ficheros contenidos en los mismos aunque pongo todos los medios necesarios y las medidas de seguridad oportunas para evitar la presencia de estos elementos da\u00f1inos.<\/p>\n<h2>Medidas de seguridad<\/h2>\n<p>Los datos personales comunicados por el usuario a Grupo Buenos Aires S.L. pueden ser almacenados en bases de datos automatizadas o no, cuya titularidad corresponde en exclusiva a Happy2design4u, asumiendo \u00e9sta todas las medidas de \u00edndole t\u00e9cnica, organizativa y de seguridad que garantizan la confidencialidad, integridad y calidad de la informaci\u00f3n contenida en las mismas de acuerdo con lo establecido en la normativa vigente en protecci\u00f3n de datos.<\/p>\n<p>La comunicaci\u00f3n entre los usuarios y www.ragazzisitges.com utiliza un canal seguro, y los  datos transmitidos son cifrados gracias a protocolos a https, por tanto, garantizo las mejores  condiciones de seguridad para que la confidencialidad de los usuarios est\u00e9 garantizada.<\/p>\n<h2>Plataforma de resoluci\u00f3n de conflictos<\/h2>\n<p>Pongo tambi\u00e9n a disposici\u00f3n de los usuarios la plataforma de resoluci\u00f3n de litigios que facilita la Comisi\u00f3n Europea y que se encuentra disponible en el siguiente enlace:<a href=\"%20http:\/ec.europa.eu\/consumers\/odr\/\"> <em>http:\/\/ec.europa.eu\/consumers\/odr\/<\/em><\/a><\/p>\n<h2>Enlaces externos<\/h2>\n<p>Las p\u00e1ginas de la web www.ragazzisitges.com proporciona enlaces a otros sitios web propios y contenidos que son propiedad de terceros tales como:<\/p>\n<p>www.buenosairesgrill.es<\/p>\n<p>www.bairesbcn.com<\/p>\n<p><a href=\"http:\/\/www.stix.es\">www.stix.es<\/a><\/p>\n<p><a href=\"http:\/\/www.baires.nl\">www.baires.nl<\/a><\/p>\n<p>El \u00fanico objeto de los enlaces es proporcionar al usuario la posibilidad de acceder a dichos enlaces.<\/p>\n<p>Grupo Buenos Aires S.L. no se responsabiliza en ning\u00fan caso de los resultados que puedan derivarse al usuario por acceso a dichos enlaces.<\/p>\n<p>Asimismo, el usuario encontrar\u00e1 dentro de este sitio, p\u00e1ginas, promociones, programas de afiliados que acceden a los h\u00e1bitos de navegaci\u00f3n de los usuarios para establecer perfiles. Esta informaci\u00f3n siempre es an\u00f3nima y no se identifica al usuario.<\/p>\n<p>La informaci\u00f3n que se proporcione en estos sitios patrocinado o enlaces de <strong>afiliados est\u00e1 sujeta a las pol\u00edticas de privacidad que se utilicen en dichos sitios<\/strong> y no estar\u00e1 sujeta a esta pol\u00edtica de privacidad. Por lo que recomiendo ampliamente a los usuarios a revisar detalladamente las pol\u00edticas de privacidad de los enlaces de afiliado.<\/p>\n<h2>Exclusi\u00f3n de garant\u00edas y responsable<\/h2>\n<p>Grupo Buenos Aires S.L. no otorga ninguna garant\u00eda ni se hace responsable, en ning\u00fan caso, de los da\u00f1os y perjuicios de cualquier naturaleza que pudieran traer causa de:<\/p>\n<ul>\n<li>La falta de disponibilidad, mantenimiento y efectivo funcionamiento de la web, o de sus servicios y contenidos.<\/li>\n<li>La existencia de malware, programas maliciosos o lesivos en los contenidos.<\/li>\n<li>El uso il\u00edcito, negligente, fraudulento o contrario a este Aviso Legal.<\/li>\n<li>La falta de licitud, calidad, fiabilidad, utilidad y disponibilidad de los servicios prestados por terceros y puestos a disposici\u00f3n de los usuarios en el sitio web.<\/li>\n<li>El prestador no se hace responsable bajo ning\u00fan concepto de los da\u00f1os que pudieran dimanar del uso ilegal o indebido de la presente p\u00e1gina web.<\/li>\n<\/ul>\n<p>Ley aplicable y jurisdicci\u00f3n<\/p>\n<p>Con car\u00e1cter general las relaciones entre Grupo Buenos Aires S.L. con los usuarios de sus servicios telem\u00e1ticos, presentes en esta web se encuentran sometidas a la legislaci\u00f3n y jurisdicci\u00f3n espa\u00f1olas y a los tribunales de Barcelona.<\/p>\n<p>En caso de que cualquier usuario tuviese alguna duda acerca de estas Condiciones legales o cualquier comentario sobre el portal www.ragazzisitges.com, por favor dir\u00edjase a info@happy2design4u.com.<\/p>\n<p>El aviso legal  ha sido actualizado por \u00faltima vez el 7 de junio 2021[\/et_pb_text][\/et_pb_column][\/et_pb_row][\/et_pb_section][et_pb_section fb_built=&#8221;1&#8243; fullwidth=&#8221;on&#8221; _builder_version=&#8221;4.9.2&#8243; background_color=&#8221;#000000&#8243; max_height_tablet=&#8221;&#8221; max_height_phone=&#8221;150px&#8221; max_height_last_edited=&#8221;on|desktop&#8221; custom_margin=&#8221;20px||||false|false&#8221; top_divider_height_tablet=&#8221;&#8221; top_divider_height_phone=&#8221;&#8221; top_divider_height_last_edited=&#8221;on|phone&#8221; saved_tabs=&#8221;all&#8221; locked=&#8221;off&#8221;][et_pb_fullwidth_menu menu_id=&#8221;37&#8243; menu_style=&#8221;centered&#8221; submenu_direction=&#8221;upwards&#8221; _builder_version=&#8221;4.9.4&#8243; _module_preset=&#8221;default&#8221; background_color=&#8221;#000000&#8243; background_layout=&#8221;dark&#8221; min_height=&#8221;205px&#8221; custom_padding=&#8221;0px||0px|||&#8221; hover_enabled=&#8221;0&#8243; locked=&#8221;off&#8221; sticky_enabled=&#8221;0&#8243; cart_icon_color=&#8221;#FFFFFF&#8221; search_icon_color=&#8221;#FFFFFF&#8221; menu_icon_color=&#8221;#FFFFFF&#8221; custom_padding_last_edited=&#8221;on|phone&#8221; custom_padding_tablet=&#8221;20px||0px||false|false&#8221;][\/et_pb_fullwidth_menu][\/et_pb_section]<\/p>\n","protected":false},"excerpt":{"rendered":"<p>Aviso LegalEst\u00e1s en un espacio comprometido con los derechos de sus usuarios y por raz\u00f3n, tendr\u00e1s m\u00e1xima transparencia y rigor sobre todo que necesitas saber sobre esta web. Esta web cumple rigurosamente con la Ley Org\u00e1nica 3\/2018, de 5 de diciembre, de Protecci\u00f3n de Datos Personales y garant\u00eda de los derechos digitales (LOPDGDD). Cumple tambi\u00e9n [&hellip;]<\/p>\n","protected":false},"author":1,"featured_media":0,"parent":0,"menu_order":0,"comment_status":"closed","ping_status":"closed","template":"page-template-blank.php","meta":{"_et_pb_use_builder":"on","_et_pb_old_content":"","_et_gb_content_width":"","footnotes":""},"class_list":["post-1167","page","type-page","status-publish","hentry"],"_links":{"self":[{"href":"https:\/\/ragazzisitges.com\/en\/wp-json\/wp\/v2\/pages\/1167","targetHints":{"allow":["GET"]}}],"collection":[{"href":"https:\/\/ragazzisitges.com\/en\/wp-json\/wp\/v2\/pages"}],"about":[{"href":"https:\/\/ragazzisitges.com\/en\/wp-json\/wp\/v2\/types\/page"}],"author":[{"embeddable":true,"href":"https:\/\/ragazzisitges.com\/en\/wp-json\/wp\/v2\/users\/1"}],"replies":[{"embeddable":true,"href":"https:\/\/ragazzisitges.com\/en\/wp-json\/wp\/v2\/comments?post=1167"}],"version-history":[{"count":5,"href":"https:\/\/ragazzisitges.com\/en\/wp-json\/wp\/v2\/pages\/1167\/revisions"}],"predecessor-version":[{"id":1173,"href":"https:\/\/ragazzisitges.com\/en\/wp-json\/wp\/v2\/pages\/1167\/revisions\/1173"}],"wp:attachment":[{"href":"https:\/\/ragazzisitges.com\/en\/wp-json\/wp\/v2\/media?parent=1167"}],"curies":[{"name":"wp","href":"https:\/\/api.w.org\/{rel}","templated":true}]}}